{"id":617,"date":"2023-02-27T15:41:11","date_gmt":"2023-02-27T15:41:11","guid":{"rendered":"https:\/\/wolfrealty.com.tr\/?page_id=617"},"modified":"2023-04-03T12:58:51","modified_gmt":"2023-04-03T12:58:51","slug":"hizmetler","status":"publish","type":"page","link":"https:\/\/wolfrealty.com.tr\/ru\/\u0443\u0441\u043b\u0443\u0433\u0438\/","title":{"rendered":"\u0423\u0441\u043b\u0443\u0433\u0438"},"content":{"rendered":"<div data-elementor-type=\"wp-page\" data-elementor-id=\"617\" class=\"elementor elementor-617\">\n\t\t\t\t\t\t\t\t\t<section class=\"elementor-section elementor-top-section elementor-element elementor-element-30fa12e elementor-section-height-min-height elementor-section-boxed elementor-section-height-default elementor-section-items-middle\" data-id=\"30fa12e\" data-element_type=\"section\">\n\t\t\t\t\t\t\t<div class=\"elementor-background-overlay\"><\/div>\n\t\t\t\t\t\t\t<div class=\"elementor-container elementor-column-gap-default\">\n\t\t\t\t\t<div class=\"elementor-column elementor-col-100 elementor-top-column elementor-element elementor-element-4e5c268\" data-id=\"4e5c268\" data-element_type=\"column\">\n\t\t\t<div class=\"elementor-widget-wrap elementor-element-populated\">\n\t\t\t\t\t\t\t\t<div class=\"elementor-element elementor-element-7775389 elementor-widget elementor-widget-heading\" data-id=\"7775389\" data-element_type=\"widget\" data-widget_type=\"heading.default\">\n\t\t\t\t<div class=\"elementor-widget-container\">\n\t\t\t<style>\/*! elementor - v3.11.2 - 22-02-2023 *\/\n.elementor-heading-title{padding:0;margin:0;line-height:1}.elementor-widget-heading .elementor-heading-title[class*=elementor-size-]>a{color:inherit;font-size:inherit;line-height:inherit}.elementor-widget-heading .elementor-heading-title.elementor-size-small{font-size:15px}.elementor-widget-heading .elementor-heading-title.elementor-size-medium{font-size:19px}.elementor-widget-heading .elementor-heading-title.elementor-size-large{font-size:29px}.elementor-widget-heading .elementor-heading-title.elementor-size-xl{font-size:39px}.elementor-widget-heading .elementor-heading-title.elementor-size-xxl{font-size:59px}<\/style><h1 class=\"elementor-heading-title elementor-size-default\">\u0423\u0441\u043b\u0443\u0433\u0438<\/h1>\t\t<\/div>\n\t\t\t\t<\/div>\n\t\t\t\t\t<\/div>\n\t\t<\/div>\n\t\t\t\t\t\t\t<\/div>\n\t\t<\/section>\n\t\t\t\t<section class=\"elementor-section elementor-top-section elementor-element elementor-element-491cb1e0 elementor-section-stretched elementor-section-full_width elementor-section-height-default elementor-section-height-default\" data-id=\"491cb1e0\" data-element_type=\"section\" data-settings=\"{&quot;stretch_section&quot;:&quot;section-stretched&quot;,&quot;background_background&quot;:&quot;classic&quot;}\">\n\t\t\t\t\t\t<div class=\"elementor-container elementor-column-gap-default\">\n\t\t\t\t\t<div class=\"elementor-column elementor-col-100 elementor-top-column elementor-element elementor-element-61ca36e8\" data-id=\"61ca36e8\" data-element_type=\"column\">\n\t\t\t<div class=\"elementor-widget-wrap elementor-element-populated\">\n\t\t\t\t\t\t\t\t<section class=\"elementor-section elementor-inner-section elementor-element elementor-element-6b32d5ea elementor-section-boxed elementor-section-height-default elementor-section-height-default\" data-id=\"6b32d5ea\" data-element_type=\"section\">\n\t\t\t\t\t\t<div class=\"elementor-container elementor-column-gap-default\">\n\t\t\t\t\t<div class=\"elementor-column elementor-col-100 elementor-inner-column elementor-element elementor-element-3aee4716\" data-id=\"3aee4716\" data-element_type=\"column\">\n\t\t\t<div class=\"elementor-widget-wrap elementor-element-populated\">\n\t\t\t\t\t\t\t\t<div class=\"elementor-element elementor-element-81262d2 premium-banner-tilt-yes elementor-widget elementor-widget-premium-addon-banner\" data-id=\"81262d2\" data-element_type=\"widget\" data-widget_type=\"premium-addon-banner.default\">\n\t\t\t\t<div class=\"elementor-widget-container\">\n\t\t\t\t\t<div class=\"premium-banner-ib premium-banner-min-height premium-banner-animation1 scale\">\r\n\t\t\t\t\t\t\t\t\t\t\t\t\t\t\t<img loading=\"lazy\" decoding=\"async\" width=\"1200\" height=\"575\" src=\"https:\/\/wolfrealty.com.tr\/wp-content\/uploads\/2023\/02\/gayrimenkulalimsatim.jpg\" class=\"attachment-full size-full wp-image-696\" alt=\"\" style=\"width:100%;height:47.92%;max-width:1200px\" srcset=\"https:\/\/wolfrealty.com.tr\/wp-content\/uploads\/2023\/02\/gayrimenkulalimsatim.jpg 1200w, https:\/\/wolfrealty.com.tr\/wp-content\/uploads\/2023\/02\/gayrimenkulalimsatim-300x144.jpg 300w, https:\/\/wolfrealty.com.tr\/wp-content\/uploads\/2023\/02\/gayrimenkulalimsatim-1024x491.jpg 1024w, https:\/\/wolfrealty.com.tr\/wp-content\/uploads\/2023\/02\/gayrimenkulalimsatim-768x368.jpg 768w\" sizes=\"auto, (max-width: 1200px) 100vw, 1200px\" \/>\t\t\t\t\t\t\t\t\t\t<div class=\"premium-banner-ib-desc\">\r\n\t\t\t\t\t\t\t\t\t<h3 class=\"premium-banner-ib-title premium_banner_title\">\u041f\u043e\u043a\u0443\u043f\u043a\u0430 \u0438 \u043f\u0440\u043e\u0434\u0430\u0436\u0430 \u043d\u0435\u0434\u0432\u0438\u0436\u0438\u043c\u043e\u0441\u0442\u0438<\/h3>\t\t\t\t\t\t<div class=\"premium-banner-ib-content premium_banner_content\">\r\n\t\t\t\t\t\t\t<p>\u00a0\u041f\u0440\u043e\u0444\u0435\u0441\u0441\u0438\u043e\u043d\u0430\u043b\u044c\u043d\u0430\u044f \u043a\u043e\u043d\u0441\u0443\u043b\u044c\u0442\u0430\u0446\u0438\u043e\u043d\u043d\u0430\u044f \u0441\u043b\u0443\u0436\u0431\u0430<\/p>\t\t\t\t\t\t<\/div>\r\n\t\t\t\t\t\t\t\t\t\t\t\t\t\t\t\t\t<\/div>\r\n\t\t\t\t\t\t\t<a href=\"https:\/\/wolfrealty.com.tr\/ru\/\u043f\u043e\u043a\u0443\u043f\u043a\u0430-\u043f\u0440\u043e\u0434\u0430\u0436\u0430-\u043d\u0435\u0434\u0432\u0438\u0436\u0438\u043c\u043e\u0441\u0442\u0438\/\" class=\"premium-banner-ib-link\"><\/a>\r\n\t\t\t\t\t<\/div>\r\n\t\t\t\t\t\t<\/div>\n\t\t\t\t<\/div>\n\t\t\t\t\t<\/div>\n\t\t<\/div>\n\t\t\t\t\t\t\t<\/div>\n\t\t<\/section>\n\t\t\t\t<section class=\"elementor-section elementor-inner-section elementor-element elementor-element-c761777 elementor-section-boxed elementor-section-height-default elementor-section-height-default\" data-id=\"c761777\" data-element_type=\"section\">\n\t\t\t\t\t\t<div class=\"elementor-container elementor-column-gap-default\">\n\t\t\t\t\t<div class=\"elementor-column elementor-col-50 elementor-inner-column elementor-element elementor-element-9d47823\" data-id=\"9d47823\" data-element_type=\"column\">\n\t\t\t<div class=\"elementor-widget-wrap elementor-element-populated\">\n\t\t\t\t\t\t\t\t<div class=\"elementor-element elementor-element-7dfafc1b premium-banner-tilt-yes elementor-widget elementor-widget-premium-addon-banner\" data-id=\"7dfafc1b\" data-element_type=\"widget\" data-widget_type=\"premium-addon-banner.default\">\n\t\t\t\t<div class=\"elementor-widget-container\">\n\t\t\t\t\t<div class=\"premium-banner-ib premium-banner-min-height premium-banner-animation1 scale\">\r\n\t\t\t\t\t\t\t\t\t\t\t\t\t\t\t<img loading=\"lazy\" decoding=\"async\" width=\"1200\" height=\"675\" src=\"https:\/\/wolfrealty.com.tr\/wp-content\/uploads\/2023\/02\/yatirim-danismani-1.jpg\" class=\"attachment-full size-full wp-image-436\" alt=\"\" style=\"width:100%;height:56.25%;max-width:1200px\" srcset=\"https:\/\/wolfrealty.com.tr\/wp-content\/uploads\/2023\/02\/yatirim-danismani-1.jpg 1200w, https:\/\/wolfrealty.com.tr\/wp-content\/uploads\/2023\/02\/yatirim-danismani-1-300x169.jpg 300w, https:\/\/wolfrealty.com.tr\/wp-content\/uploads\/2023\/02\/yatirim-danismani-1-1024x576.jpg 1024w, https:\/\/wolfrealty.com.tr\/wp-content\/uploads\/2023\/02\/yatirim-danismani-1-768x432.jpg 768w\" sizes=\"auto, (max-width: 1200px) 100vw, 1200px\" \/>\t\t\t\t\t\t\t\t\t\t<div class=\"premium-banner-ib-desc\">\r\n\t\t\t\t\t\t\t\t\t<h3 class=\"premium-banner-ib-title premium_banner_title\">\u042f\u0442\u044b\u0440\u044b\u043c \u0414\u0430\u043d\u0438\u0448\u043c\u0430\u043d\u043b\u044b\u0433\u044b<\/h3>\t\t\t\t\t\t<div class=\"premium-banner-ib-content premium_banner_content\">\r\n\t\t\t\t\t\t\t<p>\u041c\u044b \u043f\u043e\u043a\u0430\u0436\u0435\u043c \u0432\u0430\u043c \u0441\u0430\u043c\u044b\u0439 \u0432\u044b\u0433\u043e\u0434\u043d\u044b\u0439 \u0441\u043f\u043e\u0441\u043e\u0431<\/p>\t\t\t\t\t\t<\/div>\r\n\t\t\t\t\t\t\t\t\t\t\t\t\t\t\t\t\t<\/div>\r\n\t\t\t\t\t\t\t<a href=\"https:\/\/wolfrealty.com.tr\/ru\/investment-consultancy\/\" class=\"premium-banner-ib-link\"><\/a>\r\n\t\t\t\t\t<\/div>\r\n\t\t\t\t\t\t<\/div>\n\t\t\t\t<\/div>\n\t\t\t\t\t<\/div>\n\t\t<\/div>\n\t\t\t\t<div class=\"elementor-column elementor-col-50 elementor-inner-column elementor-element elementor-element-7df32a4\" data-id=\"7df32a4\" data-element_type=\"column\">\n\t\t\t<div class=\"elementor-widget-wrap elementor-element-populated\">\n\t\t\t\t\t\t\t\t<div class=\"elementor-element elementor-element-f2c5334 premium-banner-tilt-yes elementor-widget elementor-widget-premium-addon-banner\" data-id=\"f2c5334\" data-element_type=\"widget\" data-widget_type=\"premium-addon-banner.default\">\n\t\t\t\t<div class=\"elementor-widget-container\">\n\t\t\t\t\t<div class=\"premium-banner-ib premium-banner-min-height premium-banner-animation1 scale\">\r\n\t\t\t\t\t\t\t\t\t\t\t\t\t\t\t<img loading=\"lazy\" decoding=\"async\" width=\"1200\" height=\"674\" src=\"https:\/\/wolfrealty.com.tr\/wp-content\/uploads\/2023\/02\/gayrimenkul-degerleme.jpg\" class=\"attachment-full size-full wp-image-519\" alt=\"\" style=\"width:100%;height:56.17%;max-width:1200px\" srcset=\"https:\/\/wolfrealty.com.tr\/wp-content\/uploads\/2023\/02\/gayrimenkul-degerleme.jpg 1200w, https:\/\/wolfrealty.com.tr\/wp-content\/uploads\/2023\/02\/gayrimenkul-degerleme-300x169.jpg 300w, https:\/\/wolfrealty.com.tr\/wp-content\/uploads\/2023\/02\/gayrimenkul-degerleme-1024x575.jpg 1024w, https:\/\/wolfrealty.com.tr\/wp-content\/uploads\/2023\/02\/gayrimenkul-degerleme-768x431.jpg 768w\" sizes=\"auto, (max-width: 1200px) 100vw, 1200px\" \/>\t\t\t\t\t\t\t\t\t\t<div class=\"premium-banner-ib-desc\">\r\n\t\t\t\t\t\t\t\t\t<h3 class=\"premium-banner-ib-title premium_banner_title\">\u041e\u0446\u0435\u043d\u043a\u0430 \u043d\u0435\u0434\u0432\u0438\u0436\u0438\u043c\u043e\u0441\u0442\u0438 (\u044d\u043a\u0441\u043f\u0435\u0440\u0442\u0438\u0437\u0430)<\/h3>\t\t\t\t\t\t<div class=\"premium-banner-ib-content premium_banner_content\">\r\n\t\t\t\t\t\t\t<p>\u00a0\u0414\u0435\u0442\u0430\u043b\u044c\u043d\u0430\u044f \u043e\u0446\u0435\u043d\u043a\u0430 \u043d\u0435\u0434\u0432\u0438\u0436\u0438\u043c\u043e\u0441\u0442\u0438 \u0441\u043e \u0432\u0441\u0435\u0445 \u0441\u0442\u043e\u0440\u043e\u043d<\/p>\t\t\t\t\t\t<\/div>\r\n\t\t\t\t\t\t\t\t\t\t\t\t\t\t\t\t\t<\/div>\r\n\t\t\t\t\t\t\t<a href=\"https:\/\/wolfrealty.com.tr\/ru\/real-estate-appraisal-expertise\/\" class=\"premium-banner-ib-link\"><\/a>\r\n\t\t\t\t\t<\/div>\r\n\t\t\t\t\t\t<\/div>\n\t\t\t\t<\/div>\n\t\t\t\t\t<\/div>\n\t\t<\/div>\n\t\t\t\t\t\t\t<\/div>\n\t\t<\/section>\n\t\t\t\t<section class=\"elementor-section elementor-inner-section elementor-element elementor-element-44a2e07 elementor-section-boxed elementor-section-height-default elementor-section-height-default\" data-id=\"44a2e07\" data-element_type=\"section\">\n\t\t\t\t\t\t<div class=\"elementor-container elementor-column-gap-default\">\n\t\t\t\t\t<div class=\"elementor-column elementor-col-50 elementor-inner-column elementor-element elementor-element-3927e5b\" data-id=\"3927e5b\" data-element_type=\"column\">\n\t\t\t<div class=\"elementor-widget-wrap elementor-element-populated\">\n\t\t\t\t\t\t\t\t<div class=\"elementor-element elementor-element-f292907 premium-banner-tilt-yes elementor-widget elementor-widget-premium-addon-banner\" data-id=\"f292907\" data-element_type=\"widget\" data-widget_type=\"premium-addon-banner.default\">\n\t\t\t\t<div class=\"elementor-widget-container\">\n\t\t\t\t\t<div class=\"premium-banner-ib premium-banner-min-height premium-banner-animation1 scale\">\r\n\t\t\t\t\t\t\t\t\t\t\t\t\t\t\t<img loading=\"lazy\" decoding=\"async\" width=\"1200\" height=\"674\" src=\"https:\/\/wolfrealty.com.tr\/wp-content\/uploads\/2023\/02\/drone-cekim.jpg\" class=\"attachment-full size-full wp-image-672\" alt=\"\" style=\"width:100%;height:56.17%;max-width:1200px\" srcset=\"https:\/\/wolfrealty.com.tr\/wp-content\/uploads\/2023\/02\/drone-cekim.jpg 1200w, https:\/\/wolfrealty.com.tr\/wp-content\/uploads\/2023\/02\/drone-cekim-300x169.jpg 300w, https:\/\/wolfrealty.com.tr\/wp-content\/uploads\/2023\/02\/drone-cekim-1024x575.jpg 1024w, https:\/\/wolfrealty.com.tr\/wp-content\/uploads\/2023\/02\/drone-cekim-768x431.jpg 768w\" sizes=\"auto, (max-width: 1200px) 100vw, 1200px\" \/>\t\t\t\t\t\t\t\t\t\t<div class=\"premium-banner-ib-desc\">\r\n\t\t\t\t\t\t\t\t\t<h3 class=\"premium-banner-ib-title premium_banner_title\">\u041f\u0440\u043e\u0444\u0435\u0441\u0441\u0438\u043e\u043d\u0430\u043b\u044c\u043d\u0430\u044f \u0441\u044a\u0435\u043c\u043a\u0430 \u043f\u043e\u0440\u0442\u0444\u043e\u043b\u0438\u043e<\/h3>\t\t\t\t\t\t<div class=\"premium-banner-ib-content premium_banner_content\">\r\n\t\t\t\t\t\t\t<p>\u041c\u044b \u0441\u043e\u0437\u0434\u0430\u0435\u043c \u043f\u0440\u043e\u0444\u0435\u0441\u0441\u0438\u043e\u043d\u0430\u043b\u044c\u043d\u0443\u044e \u0432\u0438\u0442\u0440\u0438\u043d\u0443<\/p>\t\t\t\t\t\t<\/div>\r\n\t\t\t\t\t\t\t\t\t\t\t\t\t\t\t\t\t<\/div>\r\n\t\t\t\t\t\t\t<a href=\"https:\/\/wolfrealty.com.tr\/ru\/\u043f\u0440\u043e\u0444\u0435\u0441\u0441\u0438\u043e\u043d\u0430\u043b\u044c\u043d\u044b\u0439-\u043f\u043e\u0440\u0442\u0444\u043e\u043b\u0438\u043e-\u0441\u043d\u0438\u043c\u043e\u043a\/\" class=\"premium-banner-ib-link\"><\/a>\r\n\t\t\t\t\t<\/div>\r\n\t\t\t\t\t\t<\/div>\n\t\t\t\t<\/div>\n\t\t\t\t\t<\/div>\n\t\t<\/div>\n\t\t\t\t<div class=\"elementor-column elementor-col-50 elementor-inner-column elementor-element elementor-element-9218b82\" data-id=\"9218b82\" data-element_type=\"column\">\n\t\t\t<div class=\"elementor-widget-wrap elementor-element-populated\">\n\t\t\t\t\t\t\t\t<div class=\"elementor-element elementor-element-2f76eba premium-banner-tilt-yes elementor-widget elementor-widget-premium-addon-banner\" data-id=\"2f76eba\" data-element_type=\"widget\" data-widget_type=\"premium-addon-banner.default\">\n\t\t\t\t<div class=\"elementor-widget-container\">\n\t\t\t\t\t<div class=\"premium-banner-ib premium-banner-min-height premium-banner-animation1 scale\">\r\n\t\t\t\t\t\t\t\t\t\t\t\t\t\t\t<img loading=\"lazy\" decoding=\"async\" width=\"1200\" height=\"676\" src=\"https:\/\/wolfrealty.com.tr\/wp-content\/uploads\/2023\/02\/portfoy-pazarlama.jpg\" class=\"attachment-full size-full wp-image-599\" alt=\"\" style=\"width:100%;height:56.33%;max-width:1200px\" srcset=\"https:\/\/wolfrealty.com.tr\/wp-content\/uploads\/2023\/02\/portfoy-pazarlama.jpg 1200w, https:\/\/wolfrealty.com.tr\/wp-content\/uploads\/2023\/02\/portfoy-pazarlama-300x169.jpg 300w, https:\/\/wolfrealty.com.tr\/wp-content\/uploads\/2023\/02\/portfoy-pazarlama-1024x577.jpg 1024w, https:\/\/wolfrealty.com.tr\/wp-content\/uploads\/2023\/02\/portfoy-pazarlama-768x433.jpg 768w\" sizes=\"auto, (max-width: 1200px) 100vw, 1200px\" \/>\t\t\t\t\t\t\t\t\t\t<div class=\"premium-banner-ib-desc\">\r\n\t\t\t\t\t\t\t\t\t<h3 class=\"premium-banner-ib-title premium_banner_title\">\u0420\u0435\u043a\u043b\u0430\u043c\u0430 \u0438 \u043c\u0430\u0440\u043a\u0435\u0442\u0438\u043d\u0433<\/h3>\t\t\t\t\t\t<div class=\"premium-banner-ib-content premium_banner_content\">\r\n\t\t\t\t\t\t\t<p>\u041f\u0440\u0430\u0432\u0438\u043b\u044c\u043d\u0430\u044f \u043c\u0430\u0440\u043a\u0435\u0442\u0438\u043d\u0433\u043e\u0432\u0430\u044f \u0441\u0442\u0440\u0430\u0442\u0435\u0433\u0438\u044f \u0434\u043b\u044f \u0441\u0430\u043c\u043e\u0439 \u0448\u0438\u0440\u043e\u043a\u043e\u0439 \u0430\u0443\u0434\u0438\u0442\u043e\u0440\u0438\u0438<\/p>\t\t\t\t\t\t<\/div>\r\n\t\t\t\t\t\t\t\t\t\t\t\t\t\t\t\t\t<\/div>\r\n\t\t\t\t\t\t\t<a href=\"https:\/\/wolfrealty.com.tr\/ru\/\u0440\u0435\u043a\u043b\u0430\u043c\u0430-\u0438-\u043c\u0430\u0440\u043a\u0435\u0442\u0438\u043d\u0433\/\" class=\"premium-banner-ib-link\"><\/a>\r\n\t\t\t\t\t<\/div>\r\n\t\t\t\t\t\t<\/div>\n\t\t\t\t<\/div>\n\t\t\t\t\t<\/div>\n\t\t<\/div>\n\t\t\t\t\t\t\t<\/div>\n\t\t<\/section>\n\t\t\t\t\t<\/div>\n\t\t<\/div>\n\t\t\t\t\t\t\t<\/div>\n\t\t<\/section>\n\t\t\t\t<section class=\"elementor-section elementor-top-section elementor-element elementor-element-436338c elementor-section-content-middle elementor-reverse-mobile elementor-section-boxed elementor-section-height-default elementor-section-height-default\" data-id=\"436338c\" data-element_type=\"section\">\n\t\t\t\t\t\t<div class=\"elementor-container elementor-column-gap-default\">\n\t\t\t\t\t<div class=\"elementor-column elementor-col-50 elementor-top-column elementor-element elementor-element-7911170 elementor-invisible\" data-id=\"7911170\" data-element_type=\"column\" data-settings=\"{&quot;animation&quot;:&quot;fadeInLeft&quot;}\">\n\t\t\t<div class=\"elementor-widget-wrap elementor-element-populated\">\n\t\t\t\t\t\t\t\t<section class=\"elementor-section elementor-inner-section elementor-element elementor-element-0057287 elementor-section-content-middle elementor-section-boxed elementor-section-height-default elementor-section-height-default\" data-id=\"0057287\" data-element_type=\"section\">\n\t\t\t\t\t\t<div class=\"elementor-container elementor-column-gap-default\">\n\t\t\t\t\t<div class=\"elementor-column elementor-col-50 elementor-inner-column elementor-element elementor-element-f8a55d0 elementor-invisible\" data-id=\"f8a55d0\" data-element_type=\"column\" data-settings=\"{&quot;animation&quot;:&quot;fadeInLeft&quot;}\">\n\t\t\t<div class=\"elementor-widget-wrap elementor-element-populated\">\n\t\t\t\t\t\t\t\t<div class=\"elementor-element elementor-element-80986af elementor-widget elementor-widget-image\" data-id=\"80986af\" data-element_type=\"widget\" data-widget_type=\"image.default\">\n\t\t\t\t<div class=\"elementor-widget-container\">\n\t\t\t<style>\/*! elementor - v3.11.2 - 22-02-2023 *\/\n.elementor-widget-image{text-align:center}.elementor-widget-image a{display:inline-block}.elementor-widget-image a img[src$=\".svg\"]{width:48px}.elementor-widget-image img{vertical-align:middle;display:inline-block}<\/style>\t\t\t\t\t\t\t\t\t\t\t\t<img loading=\"lazy\" decoding=\"async\" width=\"33\" height=\"10\" src=\"https:\/\/wolfrealty.com.tr\/wp-content\/uploads\/2023\/04\/t1gri.png\" class=\"attachment-full size-full wp-image-1071\" alt=\"\" style=\"width:100%;height:30.3%;max-width:33px\" \/>\t\t\t\t\t\t\t\t\t\t\t\t\t\t\t<\/div>\n\t\t\t\t<\/div>\n\t\t\t\t\t<\/div>\n\t\t<\/div>\n\t\t\t\t<div class=\"elementor-column elementor-col-50 elementor-inner-column elementor-element elementor-element-093008e\" data-id=\"093008e\" data-element_type=\"column\">\n\t\t\t<div class=\"elementor-widget-wrap elementor-element-populated\">\n\t\t\t\t\t\t\t\t<div class=\"elementor-element elementor-element-801a761 elementor-widget elementor-widget-text-editor\" data-id=\"801a761\" data-element_type=\"widget\" data-widget_type=\"text-editor.default\">\n\t\t\t\t<div class=\"elementor-widget-container\">\n\t\t\t<style>\/*! elementor - v3.11.2 - 22-02-2023 *\/\n.elementor-widget-text-editor.elementor-drop-cap-view-stacked .elementor-drop-cap{background-color:#818a91;color:#fff}.elementor-widget-text-editor.elementor-drop-cap-view-framed .elementor-drop-cap{color:#818a91;border:3px solid;background-color:transparent}.elementor-widget-text-editor:not(.elementor-drop-cap-view-default) .elementor-drop-cap{margin-top:8px}.elementor-widget-text-editor:not(.elementor-drop-cap-view-default) .elementor-drop-cap-letter{width:1em;height:1em}.elementor-widget-text-editor .elementor-drop-cap{float:left;text-align:center;line-height:1;font-size:50px}.elementor-widget-text-editor .elementor-drop-cap-letter{display:inline-block}<\/style>\t\t\t\t<p>\u041a\u043e\u043d\u0441\u0443\u043b\u044c\u0442\u0430\u0446\u0438\u0438 \u043f\u043e \u0432\u043e\u043f\u0440\u043e\u0441\u0430\u043c \u043d\u0435\u0434\u0432\u0438\u0436\u0438\u043c\u043e\u0441\u0442\u0438 \u0438 \u0438\u043d\u0432\u0435\u0441\u0442\u0438\u0446\u0438\u0439<\/p>\t\t\t\t\t\t<\/div>\n\t\t\t\t<\/div>\n\t\t\t\t\t<\/div>\n\t\t<\/div>\n\t\t\t\t\t\t\t<\/div>\n\t\t<\/section>\n\t\t\t\t<div class=\"elementor-element elementor-element-baa2b66 elementor-widget elementor-widget-heading\" data-id=\"baa2b66\" data-element_type=\"widget\" data-widget_type=\"heading.default\">\n\t\t\t\t<div class=\"elementor-widget-container\">\n\t\t\t<h2 class=\"elementor-heading-title elementor-size-default\">The Wolf Realty<\/h2>\t\t<\/div>\n\t\t\t\t<\/div>\n\t\t\t\t<div class=\"elementor-element elementor-element-73a2569 elementor-widget elementor-widget-text-editor\" data-id=\"73a2569\" data-element_type=\"widget\" data-widget_type=\"text-editor.default\">\n\t\t\t\t<div class=\"elementor-widget-container\">\n\t\t\t\t\t\t\t<p>\u041a\u0430\u043a The Wolf Realty, \u043c\u044b \u043f\u0440\u0435\u0434\u043b\u0430\u0433\u0430\u0435\u043c \u0443\u0441\u043b\u0443\u0433\u0438 \u043f\u043e \u043a\u043e\u043d\u0441\u0443\u043b\u044c\u0442\u0438\u0440\u043e\u0432\u0430\u043d\u0438\u044e \u0432 \u0441\u0444\u0435\u0440\u0435 \u043d\u0435\u0434\u0432\u0438\u0436\u0438\u043c\u043e\u0441\u0442\u0438 \u0438 \u0438\u043d\u0432\u0435\u0441\u0442\u0438\u0446\u0438\u0439 \u0441 \u043d\u0430\u0448\u0438\u043c \u0438\u043d\u043d\u043e\u0432\u0430\u0446\u0438\u043e\u043d\u043d\u044b\u043c \u0432\u0438\u0434\u0435\u043d\u0438\u0435\u043c \u0432\u043e \u0432\u0441\u0435\u0445 \u0440\u0435\u0433\u0438\u043e\u043d\u0430\u0445 \u0441\u0442\u0440\u0430\u043d\u044b, \u043e\u0441\u043e\u0431\u0435\u043d\u043d\u043e \u0432 \u042d\u0433\u0435\u0439\u0441\u043a\u043e\u043c \u0440\u0435\u0433\u0438\u043e\u043d\u0435. \u041c\u044b \u0430\u043d\u0430\u043b\u0438\u0437\u0438\u0440\u0443\u0435\u043c \u0438\u0437\u043c\u0435\u043d\u0435\u043d\u0438\u044f \u0432 \u0436\u0438\u043b\u044b\u0445 \u043f\u043e\u043c\u0435\u0449\u0435\u043d\u0438\u044f\u0445 \u0432 \u0441\u043e\u043e\u0442\u0432\u0435\u0442\u0441\u0442\u0432\u0438\u0438 \u0441 \u0432\u0430\u0448\u0438\u043c\u0438 \u043f\u043e\u0436\u0435\u043b\u0430\u043d\u0438\u044f\u043c\u0438 \u0438 \u043f\u043e\u043a\u0430\u0437\u044b\u0432\u0430\u0435\u043c \u0432\u0430\u043c \u043d\u0430\u0438\u0431\u043e\u043b\u0435\u0435 \u043f\u043e\u0434\u0445\u043e\u0434\u044f\u0449\u0438\u0435 \u0432\u0430\u0440\u0438\u0430\u043d\u0442\u044b.<\/p><p>\u00a0<\/p><p>The Wolf Realty - \u0438\u043d\u043d\u043e\u0432\u0430\u0446\u0438\u043e\u043d\u043d\u0430\u044f \u0438\u043d\u0432\u0435\u0441\u0442\u0438\u0446\u0438\u043e\u043d\u043d\u043e-\u043a\u043e\u043d\u0441\u0430\u043b\u0442\u0438\u043d\u0433\u043e\u0432\u0430\u044f \u0444\u0438\u0440\u043c\u0430, \u043e\u0441\u043d\u043e\u0432\u0430\u043d\u043d\u0430\u044f \u0432 2022 \u0433\u043e\u0434\u0443 \u0420\u0435\u0434\u0436\u0435\u043f\u043e\u043c \u0428\u0430\u0445\u0438\u043d\u043e\u043c, \u043a\u043e\u0442\u043e\u0440\u044b\u0439 \u0430\u043a\u0442\u0438\u0432\u043d\u043e \u0440\u0430\u0431\u043e\u0442\u0430\u043b \u0432 \u0441\u0435\u043a\u0442\u043e\u0440\u0435 \u043d\u0435\u0434\u0432\u0438\u0436\u0438\u043c\u043e\u0441\u0442\u0438 \u0438 \u0441\u0442\u0440\u043e\u0438\u0442\u0435\u043b\u044c\u0441\u0442\u0432\u0430 \u0432 \u0417\u0430\u043f\u0430\u0434\u043d\u043e\u043c \u0427\u0435\u0440\u043d\u043e\u043c\u043e\u0440\u0441\u043a\u043e\u043c \u0440\u0435\u0433\u0438\u043e\u043d\u0435, \u0438 \u042f\u0441\u0438\u043d\u043e\u043c \u0411\u043e\u0437\u0435\u0440\u043e\u043c, \u0432\u043b\u0430\u0434\u0435\u043b\u044c\u0446\u0435\u043c \u043a\u043e\u043c\u043f\u0430\u043d\u0438\u0438 Elektro Komp, \u043a\u043e\u0442\u043e\u0440\u044b\u0439 \u0431\u043e\u043b\u0435\u0435 15 \u043b\u0435\u0442 \u0440\u0430\u0431\u043e\u0442\u0430\u0435\u0442 \u0432 \u043e\u0431\u043b\u0430\u0441\u0442\u0438 \u043a\u043e\u043c\u043f\u0435\u043d\u0441\u0430\u0446\u0438\u0438 \u0438 \u044d\u043d\u0435\u0440\u0433\u043e\u044d\u0444\u0444\u0435\u043a\u0442\u0438\u0432\u043d\u043e\u0441\u0442\u0438 \u0432 \u041a\u043e\u043d\u044c\u0435 \u0438 \u0434\u043e\u0431\u0438\u043b\u0441\u044f \u043c\u043d\u043e\u0433\u0438\u0445 \u0438\u043d\u043d\u043e\u0432\u0430\u0446\u0438\u0439 \u0432 \u044d\u0442\u043e\u043c \u0441\u0435\u043a\u0442\u043e\u0440\u0435.<\/p>\t\t\t\t\t\t<\/div>\n\t\t\t\t<\/div>\n\t\t\t\t\t<\/div>\n\t\t<\/div>\n\t\t\t\t<div class=\"elementor-column elementor-col-50 elementor-top-column elementor-element elementor-element-eb8cd6e elementor-invisible\" data-id=\"eb8cd6e\" data-element_type=\"column\" data-settings=\"{&quot;animation&quot;:&quot;fadeInRight&quot;}\">\n\t\t\t<div class=\"elementor-widget-wrap elementor-element-populated\">\n\t\t\t\t\t\t\t\t<div class=\"elementor-element elementor-element-bed7f17 elementor-hidden-mobile elementor-widget elementor-widget-image\" data-id=\"bed7f17\" data-element_type=\"widget\" data-widget_type=\"image.default\">\n\t\t\t\t<div class=\"elementor-widget-container\">\n\t\t\t\t\t\t\t\t\t\t\t\t\t\t\t<img loading=\"lazy\" decoding=\"async\" width=\"564\" height=\"680\" src=\"https:\/\/wolfrealty.com.tr\/wp-content\/uploads\/2023\/02\/thew.png\" class=\"attachment-full size-full wp-image-353\" alt=\"\" srcset=\"https:\/\/wolfrealty.com.tr\/wp-content\/uploads\/2023\/02\/thew.png 564w, https:\/\/wolfrealty.com.tr\/wp-content\/uploads\/2023\/02\/thew-249x300.png 249w\" sizes=\"auto, (max-width: 564px) 100vw, 564px\" style=\"width:100%;height:120.57%;max-width:564px\" \/>\t\t\t\t\t\t\t\t\t\t\t\t\t\t\t<\/div>\n\t\t\t\t<\/div>\n\t\t\t\t\t<\/div>\n\t\t<\/div>\n\t\t\t\t\t\t\t<\/div>\n\t\t<\/section>\n\t\t\t\t\t\t\t<\/div>","protected":false},"excerpt":{"rendered":"<p>Hizmetler Gayrimenkul Al\u0131m &amp; Sat\u0131m \u00a0Profesyonel dan\u0131\u015fmanl\u0131k hizmeti Yat\u0131r\u0131m Dan\u0131\u015fmanl\u0131\u011f\u0131 En kazan\u00e7l\u0131 yolu g\u00f6steriyoruz Gayrimenkul De\u011ferleme (Ekspertiz) \u00a0Gayrimenkul\u00fc her a\u00e7\u0131dan ele alan detayl\u0131 de\u011ferleme Profesyonel Portf\u00f6y \u00c7ekim\u200b Profesyonel bir vitrin in\u015fa etediyoruz Reklam ve Pazarlama En geni\u015f kitle i\u00e7in do\u011fru pazarlama stratejisi Gayrimenkul &amp; Yat\u0131r\u0131m Dan\u0131\u015fmanl\u0131\u011f\u0131 The Wolf Realty The Wolf Realty olarak ba\u015fta Ege&hellip; <a class=\"more-link\" href=\"https:\/\/wolfrealty.com.tr\/ru\/\u0443\u0441\u043b\u0443\u0433\u0438\/\">\u0427\u0438\u0442\u0430\u0442\u044c \u0434\u0430\u043b\u0435\u0435 <span class=\"screen-reader-text\">\u0423\u0441\u043b\u0443\u0433\u0438<\/span><\/a><\/p>","protected":false},"author":1,"featured_media":0,"parent":0,"menu_order":0,"comment_status":"closed","ping_status":"closed","template":"elementor_header_footer","meta":{"footnotes":""},"class_list":["post-617","page","type-page","status-publish","hentry","entry"],"_links":{"self":[{"href":"https:\/\/wolfrealty.com.tr\/ru\/wp-json\/wp\/v2\/pages\/617","targetHints":{"allow":["GET"]}}],"collection":[{"href":"https:\/\/wolfrealty.com.tr\/ru\/wp-json\/wp\/v2\/pages"}],"about":[{"href":"https:\/\/wolfrealty.com.tr\/ru\/wp-json\/wp\/v2\/types\/page"}],"author":[{"embeddable":true,"href":"https:\/\/wolfrealty.com.tr\/ru\/wp-json\/wp\/v2\/users\/1"}],"replies":[{"embeddable":true,"href":"https:\/\/wolfrealty.com.tr\/ru\/wp-json\/wp\/v2\/comments?post=617"}],"version-history":[{"count":49,"href":"https:\/\/wolfrealty.com.tr\/ru\/wp-json\/wp\/v2\/pages\/617\/revisions"}],"predecessor-version":[{"id":1101,"href":"https:\/\/wolfrealty.com.tr\/ru\/wp-json\/wp\/v2\/pages\/617\/revisions\/1101"}],"wp:attachment":[{"href":"https:\/\/wolfrealty.com.tr\/ru\/wp-json\/wp\/v2\/media?parent=617"}],"curies":[{"name":"wp","href":"https:\/\/api.w.org\/{rel}","templated":true}]}}